{"id":1113,"date":"2024-09-13T15:16:22","date_gmt":"2024-09-13T14:16:22","guid":{"rendered":"https:\/\/glitterqueen.es\/?page_id=1113"},"modified":"2024-09-13T15:27:55","modified_gmt":"2024-09-13T14:27:55","slug":"blog","status":"publish","type":"page","link":"https:\/\/glitterqueen.es\/en\/blog\/","title":{"rendered":"Blog"},"content":{"rendered":"<div data-elementor-type=\"wp-page\" data-elementor-id=\"1113\" class=\"elementor elementor-1113\" data-elementor-post-type=\"page\">\n\t\t\t\t\t\t<section class=\"elementor-section elementor-top-section elementor-element elementor-element-df71b52 elementor-section-content-top elementor-section-height-full elementor-section-boxed elementor-section-height-default elementor-section-items-middle\" data-id=\"df71b52\" data-element_type=\"section\" data-settings=\"{&quot;background_background&quot;:&quot;classic&quot;}\">\n\t\t\t\t\t\t\t<div class=\"elementor-background-overlay\"><\/div>\n\t\t\t\t\t\t\t<div class=\"elementor-container elementor-column-gap-no\">\n\t\t\t\t\t<div class=\"elementor-column elementor-col-100 elementor-top-column elementor-element elementor-element-64dfdc9\" data-id=\"64dfdc9\" data-element_type=\"column\">\n\t\t\t<div class=\"elementor-widget-wrap elementor-element-populated\">\n\t\t\t\t\t\t<section class=\"elementor-section elementor-inner-section elementor-element elementor-element-1e6eff4 elementor-section-boxed elementor-section-height-default elementor-section-height-default\" data-id=\"1e6eff4\" data-element_type=\"section\">\n\t\t\t\t\t\t<div class=\"elementor-container elementor-column-gap-default\">\n\t\t\t\t\t<div class=\"elementor-column elementor-col-50 elementor-inner-column elementor-element elementor-element-1ed9a0c\" data-id=\"1ed9a0c\" data-element_type=\"column\">\n\t\t\t<div class=\"elementor-widget-wrap elementor-element-populated\">\n\t\t\t\t\t\t<div class=\"elementor-element elementor-element-368b053 elementor-invisible elementor-widget elementor-widget-heading\" data-id=\"368b053\" data-element_type=\"widget\" data-settings=\"{&quot;_animation&quot;:&quot;slideInUp&quot;,&quot;_animation_delay&quot;:&quot;100&quot;}\" data-widget_type=\"heading.default\">\n\t\t\t\t<div class=\"elementor-widget-container\">\n\t\t\t\t\t<h1 class=\"elementor-heading-title elementor-size-default\">Blog <\/h1>\t\t\t\t<\/div>\n\t\t\t\t<\/div>\n\t\t\t\t<div class=\"elementor-element elementor-element-f54c80e elementor-widget elementor-widget-text-editor\" data-id=\"f54c80e\" data-element_type=\"widget\" data-widget_type=\"text-editor.default\">\n\t\t\t\t<div class=\"elementor-widget-container\">\n\t\t\t\t\t\t\t\t\t<p><span style=\"font-weight: 400;\">Descubre tendencias e informaci\u00f3n \u00fatil sobre el glitter y todo lo que puedes hacer con \u00e9l.\u00a0<\/span><\/p>\t\t\t\t\t\t\t\t<\/div>\n\t\t\t\t<\/div>\n\t\t\t\t\t<\/div>\n\t\t<\/div>\n\t\t\t\t<div class=\"elementor-column elementor-col-50 elementor-inner-column elementor-element elementor-element-eae3025\" data-id=\"eae3025\" data-element_type=\"column\">\n\t\t\t<div class=\"elementor-widget-wrap elementor-element-populated\">\n\t\t\t\t\t\t<div class=\"elementor-element elementor-element-83b8852 elementor-widget elementor-widget-image\" data-id=\"83b8852\" data-element_type=\"widget\" data-widget_type=\"image.default\">\n\t\t\t\t<div class=\"elementor-widget-container\">\n\t\t\t\t\t\t\t\t\t\t\t\t\t\t\t<img decoding=\"async\" width=\"150\" height=\"150\" src=\"https:\/\/glitterqueen.es\/wp-content\/uploads\/2024\/06\/medeea-wedding1-117-150x150.jpg\" class=\"attachment-thumbnail size-thumbnail wp-image-809\" alt=\"\" srcset=\"https:\/\/glitterqueen.es\/wp-content\/uploads\/2024\/06\/medeea-wedding1-117-150x150.jpg 150w, https:\/\/glitterqueen.es\/wp-content\/uploads\/2024\/06\/medeea-wedding1-117-300x300.jpg 300w, https:\/\/glitterqueen.es\/wp-content\/uploads\/2024\/06\/medeea-wedding1-117-100x100.jpg 100w\" sizes=\"(max-width: 150px) 100vw, 150px\" \/>\t\t\t\t\t\t\t\t\t\t\t\t\t\t\t<\/div>\n\t\t\t\t<\/div>\n\t\t\t\t\t<\/div>\n\t\t<\/div>\n\t\t\t\t\t<\/div>\n\t\t<\/section>\n\t\t\t\t\t<\/div>\n\t\t<\/div>\n\t\t\t\t\t<\/div>\n\t\t<\/section>\n\t\t\t\t<section class=\"elementor-section elementor-top-section elementor-element elementor-element-5d591b2 elementor-section-boxed elementor-section-height-default elementor-section-height-default\" data-id=\"5d591b2\" data-element_type=\"section\">\n\t\t\t\t\t\t<div class=\"elementor-container elementor-column-gap-default\">\n\t\t\t\t\t<div class=\"elementor-column elementor-col-100 elementor-top-column elementor-element elementor-element-a93af0a\" data-id=\"a93af0a\" data-element_type=\"column\">\n\t\t\t<div class=\"elementor-widget-wrap elementor-element-populated\">\n\t\t\t\t\t\t<div class=\"elementor-element elementor-element-efabfcc elementor-grid-3 elementor-grid-tablet-2 elementor-grid-mobile-1 elementor-posts--thumbnail-top elementor-widget elementor-widget-posts\" data-id=\"efabfcc\" data-element_type=\"widget\" data-settings=\"{&quot;classic_columns&quot;:&quot;3&quot;,&quot;classic_columns_tablet&quot;:&quot;2&quot;,&quot;classic_columns_mobile&quot;:&quot;1&quot;,&quot;classic_row_gap&quot;:{&quot;unit&quot;:&quot;px&quot;,&quot;size&quot;:35,&quot;sizes&quot;:[]},&quot;classic_row_gap_tablet&quot;:{&quot;unit&quot;:&quot;px&quot;,&quot;size&quot;:&quot;&quot;,&quot;sizes&quot;:[]},&quot;classic_row_gap_mobile&quot;:{&quot;unit&quot;:&quot;px&quot;,&quot;size&quot;:&quot;&quot;,&quot;sizes&quot;:[]}}\" data-widget_type=\"posts.classic\">\n\t\t\t\t<div class=\"elementor-widget-container\">\n\t\t\t\t\t\t\t<div class=\"elementor-posts-container elementor-posts elementor-posts--skin-classic elementor-grid\">\n\t\t\t\t<article class=\"elementor-post elementor-grid-item post-1137 post type-post status-publish format-standard has-post-thumbnail hentry category-glitter-queen category-oraculo category-purpurina\">\n\t\t\t\t<a class=\"elementor-post__thumbnail__link\" href=\"https:\/\/glitterqueen.es\/en\/glitter-queen\/el-oraculo-de-la-purpurina-magia-personalizada-para-tus-eventos\/\" tabindex=\"-1\" >\n\t\t\t<div class=\"elementor-post__thumbnail\"><img decoding=\"async\" width=\"150\" height=\"150\" src=\"https:\/\/glitterqueen.es\/wp-content\/uploads\/2024\/06\/img-oraculo-glitterqueen-03-150x150.jpg\" class=\"attachment-thumbnail size-thumbnail wp-image-526\" alt=\"\" srcset=\"https:\/\/glitterqueen.es\/wp-content\/uploads\/2024\/06\/img-oraculo-glitterqueen-03-150x150.jpg 150w, https:\/\/glitterqueen.es\/wp-content\/uploads\/2024\/06\/img-oraculo-glitterqueen-03-300x300.jpg 300w, https:\/\/glitterqueen.es\/wp-content\/uploads\/2024\/06\/img-oraculo-glitterqueen-03-100x100.jpg 100w\" sizes=\"(max-width: 150px) 100vw, 150px\" \/><\/div>\n\t\t<\/a>\n\t\t\t\t<div class=\"elementor-post__text\">\n\t\t\t\t<h3 class=\"elementor-post__title\">\n\t\t\t<a href=\"https:\/\/glitterqueen.es\/en\/glitter-queen\/el-oraculo-de-la-purpurina-magia-personalizada-para-tus-eventos\/\" >\n\t\t\t\tEl Or\u00e1culo de la Purpurina: Magia Personalizada para Tus Eventos\t\t\t<\/a>\n\t\t<\/h3>\n\t\t\t\t<div class=\"elementor-post__meta-data\">\n\t\t\t\t\t<span class=\"elementor-post-date\">\n\t\t\t16\/09\/2024\t\t<\/span>\n\t\t\t\t<\/div>\n\t\t\t\t<div class=\"elementor-post__excerpt\">\n\t\t\t<p>El or\u00e1culo de la purpurina es una experiencia \u00fanica que a\u00f1ade un toque de magia y personalizaci\u00f3n a tus eventos. Cada invitado selecciona una carta<\/p>\n\t\t<\/div>\n\t\t\n\t\t<a class=\"elementor-post__read-more\" href=\"https:\/\/glitterqueen.es\/en\/glitter-queen\/el-oraculo-de-la-purpurina-magia-personalizada-para-tus-eventos\/\" aria-label=\"Read more about El Or\u00e1culo de la Purpurina: Magia Personalizada para Tus Eventos\" tabindex=\"-1\" >\n\t\t\tLeer m\u00e1s \u00bb\t\t<\/a>\n\n\t\t\t\t<\/div>\n\t\t\t\t<\/article>\n\t\t\t\t<article class=\"elementor-post elementor-grid-item post-1135 post type-post status-publish format-standard has-post-thumbnail hentry category-bar-de-glitter category-purpurina\">\n\t\t\t\t<a class=\"elementor-post__thumbnail__link\" href=\"https:\/\/glitterqueen.es\/en\/bar-de-glitter\/como-organizar-una-fiesta-tematica-con-brillo-y-glamour\/\" tabindex=\"-1\" >\n\t\t\t<div class=\"elementor-post__thumbnail\"><img decoding=\"async\" width=\"150\" height=\"150\" src=\"https:\/\/glitterqueen.es\/wp-content\/uploads\/2024\/06\/medeea-finca-2-150x150.jpg\" class=\"attachment-thumbnail size-thumbnail wp-image-814\" alt=\"\" srcset=\"https:\/\/glitterqueen.es\/wp-content\/uploads\/2024\/06\/medeea-finca-2-150x150.jpg 150w, https:\/\/glitterqueen.es\/wp-content\/uploads\/2024\/06\/medeea-finca-2-300x300.jpg 300w, https:\/\/glitterqueen.es\/wp-content\/uploads\/2024\/06\/medeea-finca-2-100x100.jpg 100w\" sizes=\"(max-width: 150px) 100vw, 150px\" \/><\/div>\n\t\t<\/a>\n\t\t\t\t<div class=\"elementor-post__text\">\n\t\t\t\t<h3 class=\"elementor-post__title\">\n\t\t\t<a href=\"https:\/\/glitterqueen.es\/en\/bar-de-glitter\/como-organizar-una-fiesta-tematica-con-brillo-y-glamour\/\" >\n\t\t\t\tC\u00f3mo Organizar una Fiesta Tem\u00e1tica con Brillo y Glamour\t\t\t<\/a>\n\t\t<\/h3>\n\t\t\t\t<div class=\"elementor-post__meta-data\">\n\t\t\t\t\t<span class=\"elementor-post-date\">\n\t\t\t16\/09\/2024\t\t<\/span>\n\t\t\t\t<\/div>\n\t\t\t\t<div class=\"elementor-post__excerpt\">\n\t\t\t<p>Las fiestas tem\u00e1ticas con brillo est\u00e1n de moda y son una forma perfecta de a\u00f1adir un toque \u00fanico a cualquier evento. Aqu\u00ed te mostramos c\u00f3mo<\/p>\n\t\t<\/div>\n\t\t\n\t\t<a class=\"elementor-post__read-more\" href=\"https:\/\/glitterqueen.es\/en\/bar-de-glitter\/como-organizar-una-fiesta-tematica-con-brillo-y-glamour\/\" aria-label=\"Read more about C\u00f3mo Organizar una Fiesta Tem\u00e1tica con Brillo y Glamour\" tabindex=\"-1\" >\n\t\t\tLeer m\u00e1s \u00bb\t\t<\/a>\n\n\t\t\t\t<\/div>\n\t\t\t\t<\/article>\n\t\t\t\t<article class=\"elementor-post elementor-grid-item post-1132 post type-post status-publish format-standard has-post-thumbnail hentry category-purpurina\">\n\t\t\t\t<a class=\"elementor-post__thumbnail__link\" href=\"https:\/\/glitterqueen.es\/en\/purpurina\/beneficios-del-uso-de-purpurina-biodegradable-en-eventos-sostenibles\/\" tabindex=\"-1\" >\n\t\t\t<div class=\"elementor-post__thumbnail\"><img loading=\"lazy\" decoding=\"async\" width=\"150\" height=\"150\" src=\"https:\/\/glitterqueen.es\/wp-content\/uploads\/2024\/06\/medeea-finca-55-150x150.jpg\" class=\"attachment-thumbnail size-thumbnail wp-image-702\" alt=\"\" srcset=\"https:\/\/glitterqueen.es\/wp-content\/uploads\/2024\/06\/medeea-finca-55-150x150.jpg 150w, https:\/\/glitterqueen.es\/wp-content\/uploads\/2024\/06\/medeea-finca-55-300x300.jpg 300w, https:\/\/glitterqueen.es\/wp-content\/uploads\/2024\/06\/medeea-finca-55-100x100.jpg 100w\" sizes=\"(max-width: 150px) 100vw, 150px\" \/><\/div>\n\t\t<\/a>\n\t\t\t\t<div class=\"elementor-post__text\">\n\t\t\t\t<h3 class=\"elementor-post__title\">\n\t\t\t<a href=\"https:\/\/glitterqueen.es\/en\/purpurina\/beneficios-del-uso-de-purpurina-biodegradable-en-eventos-sostenibles\/\" >\n\t\t\t\tBeneficios del Uso de Purpurina Biodegradable en Eventos Sostenibles\t\t\t<\/a>\n\t\t<\/h3>\n\t\t\t\t<div class=\"elementor-post__meta-data\">\n\t\t\t\t\t<span class=\"elementor-post-date\">\n\t\t\t16\/09\/2024\t\t<\/span>\n\t\t\t\t<\/div>\n\t\t\t\t<div class=\"elementor-post__excerpt\">\n\t\t\t<p>En los \u00faltimos a\u00f1os, la conciencia ambiental ha tomado un papel clave en la planificaci\u00f3n de eventos. Los organizadores y anfitriones buscan formas de hacer<\/p>\n\t\t<\/div>\n\t\t\n\t\t<a class=\"elementor-post__read-more\" href=\"https:\/\/glitterqueen.es\/en\/purpurina\/beneficios-del-uso-de-purpurina-biodegradable-en-eventos-sostenibles\/\" aria-label=\"Read more about Beneficios del Uso de Purpurina Biodegradable en Eventos Sostenibles\" tabindex=\"-1\" >\n\t\t\tLeer m\u00e1s \u00bb\t\t<\/a>\n\n\t\t\t\t<\/div>\n\t\t\t\t<\/article>\n\t\t\t\t<\/div>\n\t\t\n\t\t\t\t\t\t<\/div>\n\t\t\t\t<\/div>\n\t\t\t\t\t<\/div>\n\t\t<\/div>\n\t\t\t\t\t<\/div>\n\t\t<\/section>\n\t\t\t\t<\/div>","protected":false},"excerpt":{"rendered":"<p>Blog Descubre tendencias e informaci\u00f3n \u00fatil sobre el glitter y todo lo que puedes hacer con \u00e9l.\u00a0<\/p>","protected":false},"author":5,"featured_media":0,"parent":0,"menu_order":0,"comment_status":"closed","ping_status":"closed","template":"elementor_header_footer","meta":{"footnotes":""},"class_list":["post-1113","page","type-page","status-publish","hentry"],"yoast_head":"<!-- This site is optimized with the Yoast SEO plugin v24.3 - https:\/\/yoast.com\/wordpress\/plugins\/seo\/ -->\n<title>Blog - Glitter Queen<\/title>\n<meta name=\"description\" content=\"Blog   Descubre tendencias e informaci\u00f3n \u00fatil sobre el glitter y todo lo que puedes hacer con \u00e9l.\u00a0\" \/>\n<meta name=\"robots\" content=\"index, follow, max-snippet:-1, max-image-preview:large, max-video-preview:-1\" \/>\n<link rel=\"canonical\" href=\"https:\/\/glitterqueen.es\/en\/blog\/\" \/>\n<meta property=\"og:locale\" content=\"en_GB\" \/>\n<meta property=\"og:type\" content=\"article\" \/>\n<meta property=\"og:title\" content=\"Blog - Glitter Queen\" \/>\n<meta property=\"og:description\" content=\"Blog   Descubre tendencias e informaci\u00f3n \u00fatil sobre el glitter y todo lo que puedes hacer con \u00e9l.\u00a0\" \/>\n<meta property=\"og:url\" content=\"https:\/\/glitterqueen.es\/en\/blog\/\" \/>\n<meta property=\"og:site_name\" content=\"Glitter Queen\" \/>\n<meta property=\"article:modified_time\" content=\"2024-09-13T14:27:55+00:00\" \/>\n<meta property=\"og:image\" content=\"https:\/\/glitterqueen.es\/wp-content\/uploads\/2024\/06\/medeea-wedding1-117-819x1024.jpg\" \/>\n<meta name=\"twitter:card\" content=\"summary_large_image\" \/>\n<script type=\"application\/ld+json\" class=\"yoast-schema-graph\">{\"@context\":\"https:\/\/schema.org\",\"@graph\":[{\"@type\":\"WebPage\",\"@id\":\"https:\/\/glitterqueen.es\/blog\/\",\"url\":\"https:\/\/glitterqueen.es\/blog\/\",\"name\":\"Blog - Glitter Queen\",\"isPartOf\":{\"@id\":\"https:\/\/glitterqueen.es\/#website\"},\"primaryImageOfPage\":{\"@id\":\"https:\/\/glitterqueen.es\/blog\/#primaryimage\"},\"image\":{\"@id\":\"https:\/\/glitterqueen.es\/blog\/#primaryimage\"},\"thumbnailUrl\":\"https:\/\/glitterqueen.es\/wp-content\/uploads\/2024\/06\/medeea-wedding1-117-819x1024.jpg\",\"datePublished\":\"2024-09-13T14:16:22+00:00\",\"dateModified\":\"2024-09-13T14:27:55+00:00\",\"description\":\"Blog Descubre tendencias e informaci\u00f3n \u00fatil sobre el glitter y todo lo que puedes hacer con \u00e9l.\u00a0\",\"inLanguage\":\"en-GB\",\"potentialAction\":[{\"@type\":\"ReadAction\",\"target\":[\"https:\/\/glitterqueen.es\/blog\/\"]}]},{\"@type\":\"ImageObject\",\"inLanguage\":\"en-GB\",\"@id\":\"https:\/\/glitterqueen.es\/blog\/#primaryimage\",\"url\":\"https:\/\/glitterqueen.es\/wp-content\/uploads\/2024\/06\/medeea-wedding1-117-819x1024.jpg\",\"contentUrl\":\"https:\/\/glitterqueen.es\/wp-content\/uploads\/2024\/06\/medeea-wedding1-117-819x1024.jpg\"},{\"@type\":\"WebSite\",\"@id\":\"https:\/\/glitterqueen.es\/#website\",\"url\":\"https:\/\/glitterqueen.es\/\",\"name\":\"Glitter Queen\",\"description\":\"Experiencias \u00fanicas y memorables\",\"publisher\":{\"@id\":\"https:\/\/glitterqueen.es\/#organization\"},\"potentialAction\":[{\"@type\":\"SearchAction\",\"target\":{\"@type\":\"EntryPoint\",\"urlTemplate\":\"https:\/\/glitterqueen.es\/?s={search_term_string}\"},\"query-input\":{\"@type\":\"PropertyValueSpecification\",\"valueRequired\":true,\"valueName\":\"search_term_string\"}}],\"inLanguage\":\"en-GB\"},{\"@type\":\"Organization\",\"@id\":\"https:\/\/glitterqueen.es\/#organization\",\"name\":\"Glitter Queen\",\"url\":\"https:\/\/glitterqueen.es\/\",\"logo\":{\"@type\":\"ImageObject\",\"inLanguage\":\"en-GB\",\"@id\":\"https:\/\/glitterqueen.es\/#\/schema\/logo\/image\/\",\"url\":\"https:\/\/glitterqueen.es\/wp-content\/uploads\/2024\/06\/screen_phone-glitter.jpg\",\"contentUrl\":\"https:\/\/glitterqueen.es\/wp-content\/uploads\/2024\/06\/screen_phone-glitter.jpg\",\"width\":600,\"height\":371,\"caption\":\"Glitter Queen\"},\"image\":{\"@id\":\"https:\/\/glitterqueen.es\/#\/schema\/logo\/image\/\"},\"sameAs\":[\"https:\/\/www.instagram.com\/glitterqueen.es\"]}]}<\/script>\n<!-- \/ Yoast SEO plugin. -->","yoast_head_json":{"title":"Blog - Glitter Queen","description":"Blog   Descubre tendencias e informaci\u00f3n \u00fatil sobre el glitter y todo lo que puedes hacer con \u00e9l.\u00a0","robots":{"index":"index","follow":"follow","max-snippet":"max-snippet:-1","max-image-preview":"max-image-preview:large","max-video-preview":"max-video-preview:-1"},"canonical":"https:\/\/glitterqueen.es\/en\/blog\/","og_locale":"en_GB","og_type":"article","og_title":"Blog - Glitter Queen","og_description":"Blog   Descubre tendencias e informaci\u00f3n \u00fatil sobre el glitter y todo lo que puedes hacer con \u00e9l.\u00a0","og_url":"https:\/\/glitterqueen.es\/en\/blog\/","og_site_name":"Glitter Queen","article_modified_time":"2024-09-13T14:27:55+00:00","og_image":[{"url":"https:\/\/glitterqueen.es\/wp-content\/uploads\/2024\/06\/medeea-wedding1-117-819x1024.jpg","type":"","width":"","height":""}],"twitter_card":"summary_large_image","schema":{"@context":"https:\/\/schema.org","@graph":[{"@type":"WebPage","@id":"https:\/\/glitterqueen.es\/blog\/","url":"https:\/\/glitterqueen.es\/blog\/","name":"Blog - Glitter Queen","isPartOf":{"@id":"https:\/\/glitterqueen.es\/#website"},"primaryImageOfPage":{"@id":"https:\/\/glitterqueen.es\/blog\/#primaryimage"},"image":{"@id":"https:\/\/glitterqueen.es\/blog\/#primaryimage"},"thumbnailUrl":"https:\/\/glitterqueen.es\/wp-content\/uploads\/2024\/06\/medeea-wedding1-117-819x1024.jpg","datePublished":"2024-09-13T14:16:22+00:00","dateModified":"2024-09-13T14:27:55+00:00","description":"Blog Descubre tendencias e informaci\u00f3n \u00fatil sobre el glitter y todo lo que puedes hacer con \u00e9l.\u00a0","inLanguage":"en-GB","potentialAction":[{"@type":"ReadAction","target":["https:\/\/glitterqueen.es\/blog\/"]}]},{"@type":"ImageObject","inLanguage":"en-GB","@id":"https:\/\/glitterqueen.es\/blog\/#primaryimage","url":"https:\/\/glitterqueen.es\/wp-content\/uploads\/2024\/06\/medeea-wedding1-117-819x1024.jpg","contentUrl":"https:\/\/glitterqueen.es\/wp-content\/uploads\/2024\/06\/medeea-wedding1-117-819x1024.jpg"},{"@type":"WebSite","@id":"https:\/\/glitterqueen.es\/#website","url":"https:\/\/glitterqueen.es\/","name":"Glitter Queen","description":"Experiencias \u00fanicas y memorables","publisher":{"@id":"https:\/\/glitterqueen.es\/#organization"},"potentialAction":[{"@type":"SearchAction","target":{"@type":"EntryPoint","urlTemplate":"https:\/\/glitterqueen.es\/?s={search_term_string}"},"query-input":{"@type":"PropertyValueSpecification","valueRequired":true,"valueName":"search_term_string"}}],"inLanguage":"en-GB"},{"@type":"Organization","@id":"https:\/\/glitterqueen.es\/#organization","name":"Glitter Queen","url":"https:\/\/glitterqueen.es\/","logo":{"@type":"ImageObject","inLanguage":"en-GB","@id":"https:\/\/glitterqueen.es\/#\/schema\/logo\/image\/","url":"https:\/\/glitterqueen.es\/wp-content\/uploads\/2024\/06\/screen_phone-glitter.jpg","contentUrl":"https:\/\/glitterqueen.es\/wp-content\/uploads\/2024\/06\/screen_phone-glitter.jpg","width":600,"height":371,"caption":"Glitter Queen"},"image":{"@id":"https:\/\/glitterqueen.es\/#\/schema\/logo\/image\/"},"sameAs":["https:\/\/www.instagram.com\/glitterqueen.es"]}]}},"_links":{"self":[{"href":"https:\/\/glitterqueen.es\/en\/wp-json\/wp\/v2\/pages\/1113","targetHints":{"allow":["GET"]}}],"collection":[{"href":"https:\/\/glitterqueen.es\/en\/wp-json\/wp\/v2\/pages"}],"about":[{"href":"https:\/\/glitterqueen.es\/en\/wp-json\/wp\/v2\/types\/page"}],"author":[{"embeddable":true,"href":"https:\/\/glitterqueen.es\/en\/wp-json\/wp\/v2\/users\/5"}],"replies":[{"embeddable":true,"href":"https:\/\/glitterqueen.es\/en\/wp-json\/wp\/v2\/comments?post=1113"}],"version-history":[{"count":5,"href":"https:\/\/glitterqueen.es\/en\/wp-json\/wp\/v2\/pages\/1113\/revisions"}],"predecessor-version":[{"id":1131,"href":"https:\/\/glitterqueen.es\/en\/wp-json\/wp\/v2\/pages\/1113\/revisions\/1131"}],"wp:attachment":[{"href":"https:\/\/glitterqueen.es\/en\/wp-json\/wp\/v2\/media?parent=1113"}],"curies":[{"name":"wp","href":"https:\/\/api.w.org\/{rel}","templated":true}]}}