{"id":28,"date":"2022-11-21T22:24:40","date_gmt":"2022-11-21T22:24:40","guid":{"rendered":"https:\/\/hosting.bluegrow.es\/privacidad\/"},"modified":"2024-09-09T15:46:58","modified_gmt":"2024-09-09T14:46:58","slug":"privacidad","status":"publish","type":"page","link":"https:\/\/glitterqueen.es\/en\/privacidad\/","title":{"rendered":"Privacidad"},"content":{"rendered":"<p><strong>1. Informaci\u00f3n sobre el Responsable del Tratamiento de los Datos Personales<\/strong><\/p><ul class=\"wp-block-list\"><li>Responsable: Medeea Bozdoc<\/li>\n\n<li>NIF: Y4703163E<\/li>\n\n<li>Direcci\u00f3n: Calle Managua no 3, Tenerife<\/li>\n\n<li>Correo Electr\u00f3nico: joy@glitterqueen.es<\/li>\n\n<li>Tel\u00e9fono: 642.133.012<\/li>\n\n<li>Sitio Web: <a href=\"https:\/\/glitterqueen.es\/en\/\">https:\/\/glitterqueen.es<\/a><\/li><\/ul><p><strong>2. Datos Recogidos<\/strong><\/p><p>Los datos personales que se pueden recopilar a trav\u00e9s de los servicios y\/o productos ofrecidos en <a href=\"https:\/\/glitterqueen.es\/en\/\">https:\/\/glitterqueen.es<\/a> se recopilan en dos momentos:<\/p><ul class=\"wp-block-list\"><li><strong>Formulario de Contacto:<\/strong> Se recogen datos b\u00e1sicos como nombre, correo electr\u00f3nico y tel\u00e9fono.<\/li>\n\n<li><strong>Registro de Usuario:<\/strong> Se pueden solicitar datos como nombre, correo electr\u00f3nico, direcci\u00f3n y otros datos necesarios para la prestaci\u00f3n de los servicios.<\/li><\/ul><p><strong>3. Finalidad del Tratamiento de los Datos<\/strong><\/p><p>Los datos recabados se utilizar\u00e1n para:<\/p><ul class=\"wp-block-list\"><li>Gestionar la relaci\u00f3n comercial y proporcionar los servicios solicitados.<\/li>\n\n<li>Enviar comunicaciones promocionales o publicitarias en el caso de que el usuario haya dado su consentimiento.<\/li>\n\n<li>Responder a las consultas y solicitudes de informaci\u00f3n realizadas a trav\u00e9s de los formularios de contacto.<\/li>\n\n<li>Realizar estudios estad\u00edsticos y de mercado.<\/li><\/ul><p><strong>4. Legitimaci\u00f3n para el Tratamiento de los Datos<\/strong><\/p><p>La base legal para el tratamiento de sus datos es:<\/p><ul class=\"wp-block-list\"><li>El consentimiento del usuario al proporcionar sus datos en los formularios de contacto y registro.<\/li>\n\n<li>La ejecuci\u00f3n de un contrato en el caso de la prestaci\u00f3n de servicios solicitados.<\/li>\n\n<li>El cumplimiento de obligaciones legales aplicables al responsable del tratamiento.<\/li><\/ul><p><strong>5. Conservaci\u00f3n de los Datos<\/strong><\/p><p>Los datos personales proporcionados se conservar\u00e1n mientras se mantenga la relaci\u00f3n comercial, no se solicite su supresi\u00f3n por el interesado o durante los a\u00f1os necesarios para cumplir con las obligaciones legales.<\/p><p><strong>6. Comunicaci\u00f3n de los Datos a Terceros<\/strong><\/p><p>No se ceder\u00e1n datos a terceros salvo obligaci\u00f3n legal o en el caso de que sea necesario para la prestaci\u00f3n de los servicios solicitados.<\/p><p><strong>7. Derechos de los Usuarios<\/strong><\/p><p>Cualquier persona tiene derecho a obtener confirmaci\u00f3n sobre si en <a href=\"https:\/\/glitterqueen.es\/en\/\">https:\/\/glitterqueen.es<\/a> estamos tratando datos personales que les conciernan, o no. Las personas interesadas tienen derecho a:<\/p><ul class=\"wp-block-list\"><li>Solicitar el acceso a los datos personales relativos al interesado.<\/li>\n\n<li>Solicitar su rectificaci\u00f3n o supresi\u00f3n.<\/li>\n\n<li>Solicitar la limitaci\u00f3n de su tratamiento.<\/li>\n\n<li>Oponerse al tratamiento.<\/li>\n\n<li>Solicitar la portabilidad de los datos.<\/li><\/ul><p>Los interesados podr\u00e1n acceder a sus datos personales, as\u00ed como solicitar la rectificaci\u00f3n de los datos inexactos o, en su caso, solicitar su supresi\u00f3n cuando, entre otros motivos, los datos ya no sean necesarios para los fines que fueron recogidos. En determinadas circunstancias, los interesados podr\u00e1n solicitar la limitaci\u00f3n del tratamiento de sus datos, en cuyo caso \u00fanicamente los conservaremos para el ejercicio o la defensa de reclamaciones.<\/p><p>En determinadas circunstancias y por motivos relacionados con su situaci\u00f3n particular, los interesados podr\u00e1n oponerse al tratamiento de sus datos. Medeea Bozdoc dejar\u00e1 de tratar los datos, salvo por motivos leg\u00edtimos imperiosos, o el ejercicio o la defensa de posibles reclamaciones. Como interesado, tiene derecho a recibir los datos personales que le incumban, que haya facilitado en un formato estructurado, de uso com\u00fan y lectura mec\u00e1nica, y a transmitirlos a otro responsable del tratamiento cuando:<\/p><ul class=\"wp-block-list\"><li>El tratamiento est\u00e9 basado en el consentimiento.<\/li>\n\n<li>Los datos hayan sido facilitados por la persona interesada.<\/li>\n\n<li>El tratamiento se efect\u00fae por medios automatizados.<\/li><\/ul><p>Al ejercer su derecho a la portabilidad de los datos, tendr\u00e1 derecho a que los datos personales se transmitan directamente de responsable a responsable cuando sea t\u00e9cnicamente posible.<\/p><p>Los interesados tambi\u00e9n tendr\u00e1n derecho a la tutela judicial efectiva y a presentar una reclamaci\u00f3n ante la autoridad de control, en este caso, la Agencia Espa\u00f1ola de Protecci\u00f3n de Datos, si consideran que el tratamiento de datos personales que le conciernen infringe el Reglamento.<\/p><p><strong>8. Seguridad de los Datos<\/strong><\/p><p>Medeea Bozdoc adopta las medidas de seguridad necesarias para garantizar la integridad, seguridad y confidencialidad de los datos conforme a lo dispuesto en el Reglamento (UE) 2016\/679 del Parlamento Europeo y del Consejo, de 27 de abril de 2016, relativo a la protecci\u00f3n de las personas f\u00edsicas en lo que respecta al tratamiento de datos personales y la libre circulaci\u00f3n de estos datos.<\/p><p><strong>9. Cambios en la Pol\u00edtica de Privacidad<\/strong><\/p><p>Medeea Bozdoc se reserva el derecho a modificar la presente pol\u00edtica para adaptarla a novedades legislativas o jurisprudenciales. En dichos supuestos, los cambios introducidos se anunciar\u00e1n en esta p\u00e1gina con razonable antelaci\u00f3n a su puesta en pr\u00e1ctica.<\/p>","protected":false},"excerpt":{"rendered":"<p>1. Informaci\u00f3n sobre el Responsable del Tratamiento de los Datos Personales 2. Datos Recogidos Los datos personales que se pueden recopilar a trav\u00e9s de los servicios y\/o productos ofrecidos en https:\/\/glitterqueen.es se recopilan en dos momentos: 3. Finalidad del Tratamiento de los Datos Los datos recabados se utilizar\u00e1n para: 4. Legitimaci\u00f3n para el Tratamiento de [&hellip;]<\/p>","protected":false},"author":2,"featured_media":0,"parent":0,"menu_order":6,"comment_status":"closed","ping_status":"closed","template":"","meta":{"footnotes":""},"class_list":["post-28","page","type-page","status-publish","hentry"],"yoast_head":"<!-- This site is optimized with the Yoast SEO plugin v24.3 - https:\/\/yoast.com\/wordpress\/plugins\/seo\/ -->\n<title>Privacidad - Glitter Queen<\/title>\n<meta name=\"description\" content=\"1. Informaci\u00f3n sobre el Responsable del Tratamiento de los Datos Personales Responsable: Medeea Bozdoc NIF: Y4703163E Direcci\u00f3n: Calle Managua no 3,\" \/>\n<meta name=\"robots\" content=\"noindex, nofollow\" \/>\n<meta property=\"og:locale\" content=\"en_GB\" \/>\n<meta property=\"og:type\" content=\"article\" \/>\n<meta property=\"og:title\" content=\"Privacidad - Glitter Queen\" \/>\n<meta property=\"og:description\" content=\"1. Informaci\u00f3n sobre el Responsable del Tratamiento de los Datos Personales Responsable: Medeea Bozdoc NIF: Y4703163E Direcci\u00f3n: Calle Managua no 3,\" \/>\n<meta property=\"og:url\" content=\"https:\/\/glitterqueen.es\/en\/privacidad\/\" \/>\n<meta property=\"og:site_name\" content=\"Glitter Queen\" \/>\n<meta property=\"article:modified_time\" content=\"2024-09-09T14:46:58+00:00\" \/>\n<meta name=\"twitter:card\" content=\"summary_large_image\" \/>\n<script type=\"application\/ld+json\" class=\"yoast-schema-graph\">{\"@context\":\"https:\/\/schema.org\",\"@graph\":[{\"@type\":\"WebPage\",\"@id\":\"https:\/\/glitterqueen.es\/privacidad\/\",\"url\":\"https:\/\/glitterqueen.es\/privacidad\/\",\"name\":\"Privacidad - Glitter Queen\",\"isPartOf\":{\"@id\":\"https:\/\/glitterqueen.es\/#website\"},\"datePublished\":\"2022-11-21T22:24:40+00:00\",\"dateModified\":\"2024-09-09T14:46:58+00:00\",\"description\":\"1. Informaci\u00f3n sobre el Responsable del Tratamiento de los Datos Personales Responsable: Medeea Bozdoc NIF: Y4703163E Direcci\u00f3n: Calle Managua no 3,\",\"inLanguage\":\"en-GB\",\"potentialAction\":[{\"@type\":\"ReadAction\",\"target\":[\"https:\/\/glitterqueen.es\/privacidad\/\"]}]},{\"@type\":\"WebSite\",\"@id\":\"https:\/\/glitterqueen.es\/#website\",\"url\":\"https:\/\/glitterqueen.es\/\",\"name\":\"Glitter Queen\",\"description\":\"Experiencias \u00fanicas y memorables\",\"publisher\":{\"@id\":\"https:\/\/glitterqueen.es\/#organization\"},\"potentialAction\":[{\"@type\":\"SearchAction\",\"target\":{\"@type\":\"EntryPoint\",\"urlTemplate\":\"https:\/\/glitterqueen.es\/?s={search_term_string}\"},\"query-input\":{\"@type\":\"PropertyValueSpecification\",\"valueRequired\":true,\"valueName\":\"search_term_string\"}}],\"inLanguage\":\"en-GB\"},{\"@type\":\"Organization\",\"@id\":\"https:\/\/glitterqueen.es\/#organization\",\"name\":\"Glitter Queen\",\"url\":\"https:\/\/glitterqueen.es\/\",\"logo\":{\"@type\":\"ImageObject\",\"inLanguage\":\"en-GB\",\"@id\":\"https:\/\/glitterqueen.es\/#\/schema\/logo\/image\/\",\"url\":\"https:\/\/glitterqueen.es\/wp-content\/uploads\/2024\/06\/screen_phone-glitter.jpg\",\"contentUrl\":\"https:\/\/glitterqueen.es\/wp-content\/uploads\/2024\/06\/screen_phone-glitter.jpg\",\"width\":600,\"height\":371,\"caption\":\"Glitter Queen\"},\"image\":{\"@id\":\"https:\/\/glitterqueen.es\/#\/schema\/logo\/image\/\"},\"sameAs\":[\"https:\/\/www.instagram.com\/glitterqueen.es\"]}]}<\/script>\n<!-- \/ Yoast SEO plugin. -->","yoast_head_json":{"title":"Privacidad - Glitter Queen","description":"1. Informaci\u00f3n sobre el Responsable del Tratamiento de los Datos Personales Responsable: Medeea Bozdoc NIF: Y4703163E Direcci\u00f3n: Calle Managua no 3,","robots":{"index":"noindex","follow":"nofollow"},"og_locale":"en_GB","og_type":"article","og_title":"Privacidad - Glitter Queen","og_description":"1. Informaci\u00f3n sobre el Responsable del Tratamiento de los Datos Personales Responsable: Medeea Bozdoc NIF: Y4703163E Direcci\u00f3n: Calle Managua no 3,","og_url":"https:\/\/glitterqueen.es\/en\/privacidad\/","og_site_name":"Glitter Queen","article_modified_time":"2024-09-09T14:46:58+00:00","twitter_card":"summary_large_image","schema":{"@context":"https:\/\/schema.org","@graph":[{"@type":"WebPage","@id":"https:\/\/glitterqueen.es\/privacidad\/","url":"https:\/\/glitterqueen.es\/privacidad\/","name":"Privacidad - Glitter Queen","isPartOf":{"@id":"https:\/\/glitterqueen.es\/#website"},"datePublished":"2022-11-21T22:24:40+00:00","dateModified":"2024-09-09T14:46:58+00:00","description":"1. Informaci\u00f3n sobre el Responsable del Tratamiento de los Datos Personales Responsable: Medeea Bozdoc NIF: Y4703163E Direcci\u00f3n: Calle Managua no 3,","inLanguage":"en-GB","potentialAction":[{"@type":"ReadAction","target":["https:\/\/glitterqueen.es\/privacidad\/"]}]},{"@type":"WebSite","@id":"https:\/\/glitterqueen.es\/#website","url":"https:\/\/glitterqueen.es\/","name":"Glitter Queen","description":"Experiencias \u00fanicas y memorables","publisher":{"@id":"https:\/\/glitterqueen.es\/#organization"},"potentialAction":[{"@type":"SearchAction","target":{"@type":"EntryPoint","urlTemplate":"https:\/\/glitterqueen.es\/?s={search_term_string}"},"query-input":{"@type":"PropertyValueSpecification","valueRequired":true,"valueName":"search_term_string"}}],"inLanguage":"en-GB"},{"@type":"Organization","@id":"https:\/\/glitterqueen.es\/#organization","name":"Glitter Queen","url":"https:\/\/glitterqueen.es\/","logo":{"@type":"ImageObject","inLanguage":"en-GB","@id":"https:\/\/glitterqueen.es\/#\/schema\/logo\/image\/","url":"https:\/\/glitterqueen.es\/wp-content\/uploads\/2024\/06\/screen_phone-glitter.jpg","contentUrl":"https:\/\/glitterqueen.es\/wp-content\/uploads\/2024\/06\/screen_phone-glitter.jpg","width":600,"height":371,"caption":"Glitter Queen"},"image":{"@id":"https:\/\/glitterqueen.es\/#\/schema\/logo\/image\/"},"sameAs":["https:\/\/www.instagram.com\/glitterqueen.es"]}]}},"_links":{"self":[{"href":"https:\/\/glitterqueen.es\/en\/wp-json\/wp\/v2\/pages\/28","targetHints":{"allow":["GET"]}}],"collection":[{"href":"https:\/\/glitterqueen.es\/en\/wp-json\/wp\/v2\/pages"}],"about":[{"href":"https:\/\/glitterqueen.es\/en\/wp-json\/wp\/v2\/types\/page"}],"author":[{"embeddable":true,"href":"https:\/\/glitterqueen.es\/en\/wp-json\/wp\/v2\/users\/2"}],"replies":[{"embeddable":true,"href":"https:\/\/glitterqueen.es\/en\/wp-json\/wp\/v2\/comments?post=28"}],"version-history":[{"count":4,"href":"https:\/\/glitterqueen.es\/en\/wp-json\/wp\/v2\/pages\/28\/revisions"}],"predecessor-version":[{"id":1063,"href":"https:\/\/glitterqueen.es\/en\/wp-json\/wp\/v2\/pages\/28\/revisions\/1063"}],"wp:attachment":[{"href":"https:\/\/glitterqueen.es\/en\/wp-json\/wp\/v2\/media?parent=28"}],"curies":[{"name":"wp","href":"https:\/\/api.w.org\/{rel}","templated":true}]}}