{"id":29,"date":"2022-11-21T22:24:55","date_gmt":"2022-11-21T22:24:55","guid":{"rendered":"https:\/\/hosting.bluegrow.es\/privacidad\/legal\/"},"modified":"2024-09-09T15:47:39","modified_gmt":"2024-09-09T14:47:39","slug":"legal","status":"publish","type":"page","link":"https:\/\/glitterqueen.es\/en\/privacidad\/legal\/","title":{"rendered":"Aviso Legal"},"content":{"rendered":"<h3 class=\"wp-block-heading\"><\/h3><p><strong>1. Informaci\u00f3n General<\/strong><\/p><p>En cumplimiento con el deber de informaci\u00f3n recogido en el art\u00edculo 10 de la Ley 34\/2002, de 11 de julio, de Servicios de la Sociedad de la Informaci\u00f3n y del Comercio Electr\u00f3nico, se expone a continuaci\u00f3n la siguiente informaci\u00f3n:<\/p><ul class=\"wp-block-list\"><li>Titular: Medeea Bozdoc<\/li>\n\n<li>NIF: Y4703163E<\/li>\n\n<li>Direcci\u00f3n: Calle Managua no 3, Tenerife<\/li>\n\n<li>Correo Electr\u00f3nico: joy@glitterqueen.es<\/li>\n\n<li>Tel\u00e9fono: 642.133.012<\/li>\n\n<li>Sitio Web: <a href=\"https:\/\/glitterqueen.es\/en\/\">https:\/\/glitterqueen.es<\/a><\/li><\/ul><p><strong>2. Usuarios<\/strong><\/p><p>El acceso y\/o uso de este portal atribuye la condici\u00f3n de USUARIO, que acepta, desde dicho acceso y\/o uso, las Condiciones Generales de Uso aqu\u00ed reflejadas. Las citadas Condiciones ser\u00e1n de aplicaci\u00f3n independientemente de las Condiciones Generales de Contrataci\u00f3n que en su caso resulten de obligado cumplimiento.<\/p><p><strong>3. Uso del Portal<\/strong><\/p><p><a href=\"https:\/\/glitterqueen.es\/en\/\">https:\/\/glitterqueen.es<\/a> proporciona el acceso a multitud de informaciones, servicios, programas o datos (en adelante, \u00ablos contenidos\u00bb) en Internet pertenecientes a Medeea Bozdoc o a sus licenciantes a los que el USUARIO pueda tener acceso. El USUARIO asume la responsabilidad del uso del portal. Esta responsabilidad se extiende al registro que fuese necesario para acceder a determinados servicios o contenidos.<\/p><p>En dicho registro, el USUARIO ser\u00e1 responsable de aportar informaci\u00f3n veraz y l\u00edcita. Como consecuencia de este registro, al USUARIO se le puede proporcionar una contrase\u00f1a de la que ser\u00e1 responsable, comprometi\u00e9ndose a hacer un uso diligente y confidencial de la misma.<\/p><p><strong>4. Protecci\u00f3n de Datos<\/strong><\/p><p>Medeea Bozdoc cumple con las directrices de la Ley Org\u00e1nica 3\/2018 de 5 de diciembre de Protecci\u00f3n de Datos Personales y garant\u00eda de los derechos digitales, y el Reglamento (UE) 2016\/679 del Parlamento Europeo y del Consejo de 27 de abril de 2016 relativo a la protecci\u00f3n de las personas f\u00edsicas (RGPD), velando por garantizar un correcto uso y tratamiento de los datos personales del usuario.<\/p><p>Para ello, junto a cada formulario de recabo de datos de car\u00e1cter personal, en los servicios que el usuario pueda solicitar a joy@glitterqueen.es, har\u00e1 saber al usuario de la existencia y aceptaci\u00f3n de las condiciones particulares del tratamiento de sus datos en cada caso, inform\u00e1ndole de la responsabilidad del fichero creado, la direcci\u00f3n del responsable, la posibilidad de ejercer sus derechos de acceso, rectificaci\u00f3n, cancelaci\u00f3n u oposici\u00f3n, la finalidad del tratamiento y las comunicaciones de datos a terceros en su caso.<\/p><p>Asimismo, Medeea Bozdoc informa que da cumplimiento a la Ley 34\/2002 de 11 de julio, de Servicios de la Sociedad de la Informaci\u00f3n y el Comercio Electr\u00f3nico y le solicitar\u00e1 su consentimiento al tratamiento de su correo electr\u00f3nico con fines comerciales en cada momento.<\/p><p><strong>5. Propiedad Intelectual e Industrial<\/strong><\/p><p>Medeea Bozdoc por s\u00ed o como cesionaria, es titular de todos los derechos de propiedad intelectual e industrial de su p\u00e1gina web, as\u00ed como de los elementos contenidos en la misma (a t\u00edtulo enunciativo, im\u00e1genes, sonido, audio, v\u00eddeo, software o textos; marcas o logotipos, combinaciones de colores, estructura y dise\u00f1o, selecci\u00f3n de materiales usados, programas de ordenador necesarios para su funcionamiento, acceso y uso, etc.), titularidad de Medeea Bozdoc o bien de sus licenciantes. Todos los derechos reservados.<\/p><p>En virtud de lo dispuesto en los art\u00edculos 8 y 32.1, p\u00e1rrafo segundo, de la Ley de Propiedad Intelectual, quedan expresamente prohibidas la reproducci\u00f3n, la distribuci\u00f3n y la comunicaci\u00f3n p\u00fablica, incluida su modalidad de puesta a disposici\u00f3n, de la totalidad o parte de los contenidos de esta p\u00e1gina web, con fines comerciales, en cualquier soporte y por cualquier medio t\u00e9cnico, sin la autorizaci\u00f3n de Medeea Bozdoc. El USUARIO se compromete a respetar los derechos de Propiedad Intelectual e Industrial titularidad de Medeea Bozdoc.<\/p><p><strong>6. Exclusi\u00f3n de Garant\u00edas y Responsabilidad<\/strong><\/p><p>Medeea Bozdoc no se hace responsable, en ning\u00fan caso, de los da\u00f1os y perjuicios de cualquier naturaleza que pudieran ocasionar, a t\u00edtulo enunciativo: errores u omisiones en los contenidos, falta de disponibilidad del portal o la transmisi\u00f3n de virus o programas maliciosos o lesivos en los contenidos, a pesar de haber adoptado todas las medidas tecnol\u00f3gicas necesarias para evitarlo.<\/p><p><strong>7. Modificaciones<\/strong><\/p><p>Medeea Bozdoc se reserva el derecho de efectuar sin previo aviso las modificaciones que considere oportunas en su portal, pudiendo cambiar, suprimir o a\u00f1adir tanto los contenidos y servicios que se presten a trav\u00e9s de la misma como la forma en la que \u00e9stos aparezcan presentados o localizados en su portal.<\/p><p><strong>8. Enlaces<\/strong><\/p><p>En el caso de que en <a href=\"https:\/\/glitterqueen.es\/en\/\">https:\/\/glitterqueen.es<\/a> se dispusiesen enlaces o hiperv\u00ednculos hac\u00eda otros sitios de Internet, Medeea Bozdoc no ejercer\u00e1 ning\u00fan tipo de control sobre dichos sitios y contenidos. En ning\u00fan caso Medeea Bozdoc asumir\u00e1 responsabilidad alguna por los contenidos de alg\u00fan enlace perteneciente a un sitio web ajeno, ni garantizar\u00e1 la disponibilidad t\u00e9cnica, calidad, fiabilidad, exactitud, amplitud, veracidad, validez y constitucionalidad de cualquier material o informaci\u00f3n contenida en ninguno de dichos hiperv\u00ednculos u otros sitios de Internet.<\/p><p>Igualmente, la inclusi\u00f3n de estas conexiones externas no implicar\u00e1 ning\u00fan tipo de asociaci\u00f3n, fusi\u00f3n o participaci\u00f3n con las entidades conectadas.<\/p><p><strong>9. Derecho de Exclusi\u00f3n<\/strong><\/p><p>Medeea Bozdoc se reserva el derecho a denegar o retirar el acceso a portal y\/o los servicios ofrecidos sin necesidad de preaviso, a instancia propia o de un tercero, a aquellos usuarios que incumplan las presentes Condiciones Generales de Uso.<\/p><p><strong>10. Generalidades<\/strong><\/p><p>Medeea Bozdoc perseguir\u00e1 el incumplimiento de las presentes condiciones as\u00ed como cualquier utilizaci\u00f3n indebida de su portal ejerciendo todas las acciones civiles y penales que le puedan corresponder en derecho.<\/p><p><strong>11. Modificaci\u00f3n de las Presentes Condiciones y Duraci\u00f3n<\/strong><\/p><p>Medeea Bozdoc podr\u00e1 modificar en cualquier momento las condiciones aqu\u00ed determinadas, siendo debidamente publicadas como aqu\u00ed aparecen. La vigencia de las citadas condiciones ir\u00e1 en funci\u00f3n de su exposici\u00f3n y estar\u00e1n vigentes hasta que sean modificadas por otras debidamente publicadas.<\/p><p><strong>12. Legislaci\u00f3n Aplicable y Jurisdicci\u00f3n<\/strong><\/p><p>La relaci\u00f3n entre Medeea Bozdoc y el USUARIO se regir\u00e1 por la normativa espa\u00f1ola vigente y cualquier controversia se someter\u00e1 a los Juzgados y tribunales de la ciudad de Tenerife.<\/p><p><\/p>","protected":false},"excerpt":{"rendered":"<p>1. Informaci\u00f3n General En cumplimiento con el deber de informaci\u00f3n recogido en el art\u00edculo 10 de la Ley 34\/2002, de 11 de julio, de Servicios de la Sociedad de la Informaci\u00f3n y del Comercio Electr\u00f3nico, se expone a continuaci\u00f3n la siguiente informaci\u00f3n: 2. Usuarios El acceso y\/o uso de este portal atribuye la condici\u00f3n de [&hellip;]<\/p>","protected":false},"author":2,"featured_media":0,"parent":28,"menu_order":1,"comment_status":"closed","ping_status":"closed","template":"","meta":{"footnotes":""},"class_list":["post-29","page","type-page","status-publish","hentry"],"yoast_head":"<!-- This site is optimized with the Yoast SEO plugin v24.3 - https:\/\/yoast.com\/wordpress\/plugins\/seo\/ -->\n<title>Aviso Legal - Glitter Queen<\/title>\n<meta name=\"description\" content=\"1. Informaci\u00f3n General En cumplimiento con el deber de informaci\u00f3n recogido en el art\u00edculo 10 de la Ley 34\/2002, de 11 de julio, de Servicios de la\" \/>\n<meta name=\"robots\" content=\"noindex, nofollow\" \/>\n<meta property=\"og:locale\" content=\"en_GB\" \/>\n<meta property=\"og:type\" content=\"article\" \/>\n<meta property=\"og:title\" content=\"Aviso Legal - Glitter Queen\" \/>\n<meta property=\"og:description\" content=\"1. Informaci\u00f3n General En cumplimiento con el deber de informaci\u00f3n recogido en el art\u00edculo 10 de la Ley 34\/2002, de 11 de julio, de Servicios de la\" \/>\n<meta property=\"og:url\" content=\"https:\/\/glitterqueen.es\/en\/privacidad\/legal\/\" \/>\n<meta property=\"og:site_name\" content=\"Glitter Queen\" \/>\n<meta property=\"article:modified_time\" content=\"2024-09-09T14:47:39+00:00\" \/>\n<meta name=\"twitter:card\" content=\"summary_large_image\" \/>\n<script type=\"application\/ld+json\" class=\"yoast-schema-graph\">{\"@context\":\"https:\/\/schema.org\",\"@graph\":[{\"@type\":\"WebPage\",\"@id\":\"https:\/\/glitterqueen.es\/privacidad\/legal\/\",\"url\":\"https:\/\/glitterqueen.es\/privacidad\/legal\/\",\"name\":\"Aviso Legal - Glitter Queen\",\"isPartOf\":{\"@id\":\"https:\/\/glitterqueen.es\/#website\"},\"datePublished\":\"2022-11-21T22:24:55+00:00\",\"dateModified\":\"2024-09-09T14:47:39+00:00\",\"description\":\"1. Informaci\u00f3n General En cumplimiento con el deber de informaci\u00f3n recogido en el art\u00edculo 10 de la Ley 34\/2002, de 11 de julio, de Servicios de la\",\"breadcrumb\":{\"@id\":\"https:\/\/glitterqueen.es\/privacidad\/legal\/#breadcrumb\"},\"inLanguage\":\"en-GB\",\"potentialAction\":[{\"@type\":\"ReadAction\",\"target\":[\"https:\/\/glitterqueen.es\/privacidad\/legal\/\"]}]},{\"@type\":\"BreadcrumbList\",\"@id\":\"https:\/\/glitterqueen.es\/privacidad\/legal\/#breadcrumb\",\"itemListElement\":[{\"@type\":\"ListItem\",\"position\":1,\"name\":\"Privacidad\",\"item\":\"https:\/\/glitterqueen.es\/privacidad\/\"},{\"@type\":\"ListItem\",\"position\":2,\"name\":\"Aviso Legal\"}]},{\"@type\":\"WebSite\",\"@id\":\"https:\/\/glitterqueen.es\/#website\",\"url\":\"https:\/\/glitterqueen.es\/\",\"name\":\"Glitter Queen\",\"description\":\"Experiencias \u00fanicas y memorables\",\"publisher\":{\"@id\":\"https:\/\/glitterqueen.es\/#organization\"},\"potentialAction\":[{\"@type\":\"SearchAction\",\"target\":{\"@type\":\"EntryPoint\",\"urlTemplate\":\"https:\/\/glitterqueen.es\/?s={search_term_string}\"},\"query-input\":{\"@type\":\"PropertyValueSpecification\",\"valueRequired\":true,\"valueName\":\"search_term_string\"}}],\"inLanguage\":\"en-GB\"},{\"@type\":\"Organization\",\"@id\":\"https:\/\/glitterqueen.es\/#organization\",\"name\":\"Glitter Queen\",\"url\":\"https:\/\/glitterqueen.es\/\",\"logo\":{\"@type\":\"ImageObject\",\"inLanguage\":\"en-GB\",\"@id\":\"https:\/\/glitterqueen.es\/#\/schema\/logo\/image\/\",\"url\":\"https:\/\/glitterqueen.es\/wp-content\/uploads\/2024\/06\/screen_phone-glitter.jpg\",\"contentUrl\":\"https:\/\/glitterqueen.es\/wp-content\/uploads\/2024\/06\/screen_phone-glitter.jpg\",\"width\":600,\"height\":371,\"caption\":\"Glitter Queen\"},\"image\":{\"@id\":\"https:\/\/glitterqueen.es\/#\/schema\/logo\/image\/\"},\"sameAs\":[\"https:\/\/www.instagram.com\/glitterqueen.es\"]}]}<\/script>\n<!-- \/ Yoast SEO plugin. -->","yoast_head_json":{"title":"Aviso Legal - Glitter Queen","description":"1. Informaci\u00f3n General En cumplimiento con el deber de informaci\u00f3n recogido en el art\u00edculo 10 de la Ley 34\/2002, de 11 de julio, de Servicios de la","robots":{"index":"noindex","follow":"nofollow"},"og_locale":"en_GB","og_type":"article","og_title":"Aviso Legal - Glitter Queen","og_description":"1. Informaci\u00f3n General En cumplimiento con el deber de informaci\u00f3n recogido en el art\u00edculo 10 de la Ley 34\/2002, de 11 de julio, de Servicios de la","og_url":"https:\/\/glitterqueen.es\/en\/privacidad\/legal\/","og_site_name":"Glitter Queen","article_modified_time":"2024-09-09T14:47:39+00:00","twitter_card":"summary_large_image","schema":{"@context":"https:\/\/schema.org","@graph":[{"@type":"WebPage","@id":"https:\/\/glitterqueen.es\/privacidad\/legal\/","url":"https:\/\/glitterqueen.es\/privacidad\/legal\/","name":"Aviso Legal - Glitter Queen","isPartOf":{"@id":"https:\/\/glitterqueen.es\/#website"},"datePublished":"2022-11-21T22:24:55+00:00","dateModified":"2024-09-09T14:47:39+00:00","description":"1. Informaci\u00f3n General En cumplimiento con el deber de informaci\u00f3n recogido en el art\u00edculo 10 de la Ley 34\/2002, de 11 de julio, de Servicios de la","breadcrumb":{"@id":"https:\/\/glitterqueen.es\/privacidad\/legal\/#breadcrumb"},"inLanguage":"en-GB","potentialAction":[{"@type":"ReadAction","target":["https:\/\/glitterqueen.es\/privacidad\/legal\/"]}]},{"@type":"BreadcrumbList","@id":"https:\/\/glitterqueen.es\/privacidad\/legal\/#breadcrumb","itemListElement":[{"@type":"ListItem","position":1,"name":"Privacidad","item":"https:\/\/glitterqueen.es\/privacidad\/"},{"@type":"ListItem","position":2,"name":"Aviso Legal"}]},{"@type":"WebSite","@id":"https:\/\/glitterqueen.es\/#website","url":"https:\/\/glitterqueen.es\/","name":"Glitter Queen","description":"Experiencias \u00fanicas y memorables","publisher":{"@id":"https:\/\/glitterqueen.es\/#organization"},"potentialAction":[{"@type":"SearchAction","target":{"@type":"EntryPoint","urlTemplate":"https:\/\/glitterqueen.es\/?s={search_term_string}"},"query-input":{"@type":"PropertyValueSpecification","valueRequired":true,"valueName":"search_term_string"}}],"inLanguage":"en-GB"},{"@type":"Organization","@id":"https:\/\/glitterqueen.es\/#organization","name":"Glitter Queen","url":"https:\/\/glitterqueen.es\/","logo":{"@type":"ImageObject","inLanguage":"en-GB","@id":"https:\/\/glitterqueen.es\/#\/schema\/logo\/image\/","url":"https:\/\/glitterqueen.es\/wp-content\/uploads\/2024\/06\/screen_phone-glitter.jpg","contentUrl":"https:\/\/glitterqueen.es\/wp-content\/uploads\/2024\/06\/screen_phone-glitter.jpg","width":600,"height":371,"caption":"Glitter Queen"},"image":{"@id":"https:\/\/glitterqueen.es\/#\/schema\/logo\/image\/"},"sameAs":["https:\/\/www.instagram.com\/glitterqueen.es"]}]}},"_links":{"self":[{"href":"https:\/\/glitterqueen.es\/en\/wp-json\/wp\/v2\/pages\/29","targetHints":{"allow":["GET"]}}],"collection":[{"href":"https:\/\/glitterqueen.es\/en\/wp-json\/wp\/v2\/pages"}],"about":[{"href":"https:\/\/glitterqueen.es\/en\/wp-json\/wp\/v2\/types\/page"}],"author":[{"embeddable":true,"href":"https:\/\/glitterqueen.es\/en\/wp-json\/wp\/v2\/users\/2"}],"replies":[{"embeddable":true,"href":"https:\/\/glitterqueen.es\/en\/wp-json\/wp\/v2\/comments?post=29"}],"version-history":[{"count":3,"href":"https:\/\/glitterqueen.es\/en\/wp-json\/wp\/v2\/pages\/29\/revisions"}],"predecessor-version":[{"id":1061,"href":"https:\/\/glitterqueen.es\/en\/wp-json\/wp\/v2\/pages\/29\/revisions\/1061"}],"up":[{"embeddable":true,"href":"https:\/\/glitterqueen.es\/en\/wp-json\/wp\/v2\/pages\/28"}],"wp:attachment":[{"href":"https:\/\/glitterqueen.es\/en\/wp-json\/wp\/v2\/media?parent=29"}],"curies":[{"name":"wp","href":"https:\/\/api.w.org\/{rel}","templated":true}]}}